{"id":83,"date":"2026-02-25T13:34:04","date_gmt":"2026-02-25T13:34:04","guid":{"rendered":"https:\/\/pm-handmade-by-pao-wgiem1shxr.live-website.com\/?post_type=product&#038;p=83"},"modified":"2026-04-02T12:50:45","modified_gmt":"2026-04-02T10:50:45","slug":"love-red-2","status":"publish","type":"product","link":"https:\/\/pm-handmadebypao.com\/es\/product\/love-red-2\/","title":{"rendered":"Love &#8211; Vibrant Red"},"content":{"rendered":"<p style=\"text-align: center;\" data-path-to-node=\"3\"><b data-path-to-node=\"3\" data-index-in-node=\"0\">Pulsera de Macram\u00e9 \u201cLove\u201d \u2013 Coraz\u00f3n y Conexi\u00f3n<\/b><\/p>\n<p data-path-to-node=\"4\">Difunde amor con la pulsera \u00abLove\u00bb. Esta pieza tejida a mano une un delicado s\u00edmbolo de coraz\u00f3n con la frescura del Rojo Vibrante (Vibrant Red). Un dise\u00f1o sencillo pero poderoso que expresa afecto y conexi\u00f3n: perfecta como compa\u00f1era diaria o como un regalo desde el coraz\u00f3n.<\/p>\n<p data-path-to-node=\"5\">La pieza central es un delicado coraz\u00f3n de acero inoxidable plateado de alta calidad. Es hipoalerg\u00e9nica (amigable con la piel) y conserva su brillo de forma duradera sin oxidarse.<\/p>\n<p data-path-to-node=\"6\"><b data-path-to-node=\"6\" data-index-in-node=\"0\">Detalles del producto:<\/b><\/p>\n<ul data-path-to-node=\"7\">\n<li>\n<p data-path-to-node=\"7,0,0\"><b data-path-to-node=\"7,0,0\" data-index-in-node=\"0\">Dise\u00f1o:<\/b> \u00abLove\u00bb \u2013 un delicado coraz\u00f3n como s\u00edmbolo de amor y amistad.<\/p>\n<\/li>\n<li>\n<p data-path-to-node=\"7,1,0\"><b data-path-to-node=\"7,1,0\" data-index-in-node=\"0\">Material del s\u00edmbolo:<\/b> Acero inoxidable de alta calidad (color plata, inoxidable e hipoalerg\u00e9nico).<\/p>\n<\/li>\n<li>\n<p data-path-to-node=\"7,2,0\"><b data-path-to-node=\"7,2,0\" data-index-in-node=\"0\">Material del hilo:<\/b> Nylon fino y resistente (duradero y resistente al agua).<\/p>\n<\/li>\n<li>\n<p data-path-to-node=\"7,3,0\"><b data-path-to-node=\"7,3,0\" data-index-in-node=\"0\">Cierre:<\/b> Nudo corredizo ajustable (se adapta perfectamente a cualquier tama\u00f1o de mu\u00f1eca).<\/p>\n<\/li>\n<li>\n<p data-path-to-node=\"7,3,0\"><b data-path-to-node=\"7,4,0\" data-index-in-node=\"0\">Empaque:<\/b> Tu pulsera se entrega con cari\u00f1o en una delicada bolsa de organza (7cm 9 cm). Adem\u00e1s, cada pedido incluye una tarjeta de agradecimiento con valiosos consejos para el cuidado de tu nueva joya favorita.<\/p>\n<\/li>\n<\/ul>","protected":false},"excerpt":{"rendered":"<p>Difunde amor con la pulsera \u00abLove\u00bb. Esta pieza tejida a mano une un delicado s\u00edmbolo de coraz\u00f3n con la frescura del Rojo Vibrante (Vibrant Red). Un dise\u00f1o sencillo pero poderoso que expresa afecto y conexi\u00f3n: perfecta como compa\u00f1era diaria o como un regalo desde el coraz\u00f3n.<\/p>","protected":false},"featured_media":622,"comment_status":"open","ping_status":"closed","template":"","meta":[],"product_brand":[],"product_cat":[16],"product_tag":[19,20,23,31,32,36],"class_list":{"0":"post-83","1":"product","2":"type-product","3":"status-publish","4":"has-post-thumbnail","6":"product_cat-classic-macrame","7":"product_tag-armband","8":"product_tag-bracelet","9":"product_tag-edelstahl","10":"product_tag-geschenke","11":"product_tag-gift","12":"product_tag-macrame","14":"first","15":"instock","16":"shipping-taxable","17":"purchasable","18":"product-type-simple"},"_links":{"self":[{"href":"https:\/\/pm-handmadebypao.com\/es\/wp-json\/wp\/v2\/product\/83","targetHints":{"allow":["GET"]}}],"collection":[{"href":"https:\/\/pm-handmadebypao.com\/es\/wp-json\/wp\/v2\/product"}],"about":[{"href":"https:\/\/pm-handmadebypao.com\/es\/wp-json\/wp\/v2\/types\/product"}],"replies":[{"embeddable":true,"href":"https:\/\/pm-handmadebypao.com\/es\/wp-json\/wp\/v2\/comments?post=83"}],"wp:featuredmedia":[{"embeddable":true,"href":"https:\/\/pm-handmadebypao.com\/es\/wp-json\/wp\/v2\/media\/622"}],"wp:attachment":[{"href":"https:\/\/pm-handmadebypao.com\/es\/wp-json\/wp\/v2\/media?parent=83"}],"wp:term":[{"taxonomy":"product_brand","embeddable":true,"href":"https:\/\/pm-handmadebypao.com\/es\/wp-json\/wp\/v2\/product_brand?post=83"},{"taxonomy":"product_cat","embeddable":true,"href":"https:\/\/pm-handmadebypao.com\/es\/wp-json\/wp\/v2\/product_cat?post=83"},{"taxonomy":"product_tag","embeddable":true,"href":"https:\/\/pm-handmadebypao.com\/es\/wp-json\/wp\/v2\/product_tag?post=83"}],"curies":[{"name":"wp","href":"https:\/\/api.w.org\/{rel}","templated":true}]}}