{"id":76,"date":"2026-02-25T13:17:22","date_gmt":"2026-02-25T13:17:22","guid":{"rendered":"https:\/\/pm-handmade-by-pao-wgiem1shxr.live-website.com\/?post_type=product&#038;p=76"},"modified":"2026-03-23T14:22:14","modified_gmt":"2026-03-23T13:22:14","slug":"love-mint-green","status":"publish","type":"product","link":"https:\/\/pm-handmadebypao.com\/es\/product\/love-mint-green\/","title":{"rendered":"Love &#8211; Mint green"},"content":{"rendered":"<p style=\"text-align: center;\" data-path-to-node=\"3\"><b data-path-to-node=\"3\" data-index-in-node=\"0\">Pulsera \u201cLove\u201d \u2013 Coraz\u00f3n y Conexi\u00f3n<\/b><\/p>\n<p data-path-to-node=\"4\">Siente la ligereza del amor con la pulsera \u00abLove\u00bb en verde menta. Esta versi\u00f3n minimalista de nuestro cl\u00e1sico destaca por su fino hilo de nailon, que realza con delicadeza el s\u00edmbolo del coraz\u00f3n en plata. Un accesorio discreto y moderno que irradia frescura y afecto.<\/p>\n<p data-path-to-node=\"5\">La pieza central es una delicada cruz de acero inoxidable plateado de alta calidad. Es hipoalerg\u00e9nica (amigable con la piel) y conserva su brillo de forma duradera sin oxidarse. Un s\u00edmbolo de paz y serenidad que te acompa\u00f1a en todo momento.<\/p>\n<p data-path-to-node=\"6\"><b data-path-to-node=\"6\" data-index-in-node=\"0\">Detalles del producto:<\/b><\/p>\n<ul data-path-to-node=\"7\">\n<li>\n<p data-path-to-node=\"7,0,0\"><b data-path-to-node=\"7,0,0\" data-index-in-node=\"0\">Dise\u00f1o:<\/b> \u00abLove\u00bb \u2013 un delicado coraz\u00f3n como s\u00edmbolo de amor y amistad.<\/p>\n<\/li>\n<li>\n<p data-path-to-node=\"7,1,0\"><b data-path-to-node=\"7,1,0\" data-index-in-node=\"0\">Material del s\u00edmbolo:<\/b> Acero inoxidable de alta calidad (color plata, inoxidable e hipoalerg\u00e9nico).<\/p>\n<\/li>\n<li>\n<p data-path-to-node=\"7,2,0\"><b data-path-to-node=\"7,2,0\" data-index-in-node=\"0\">Material del hilo:<\/b> Feines, robustes Nylon in Mint Green (langlebig und wasserfest).<\/p>\n<\/li>\n<li>\n<p data-path-to-node=\"7,3,0\"><b data-path-to-node=\"7,3,0\" data-index-in-node=\"0\">Cierre:<\/b> Nudo corredizo ajustable (se adapta perfectamente a cualquier tama\u00f1o de mu\u00f1eca).<\/p>\n<\/li>\n<li>\n<p data-path-to-node=\"7,4,0\"><b data-path-to-node=\"7,4,0\" data-index-in-node=\"0\">Empaque:<\/b> Tu pulsera se entrega con cari\u00f1o en una delicada bolsa de organza (7cm 9 cm). Adem\u00e1s, cada pedido incluye una tarjeta de agradecimiento con valiosos consejos para el cuidado de tu nueva joya favorita.<\/p>\n<\/li>\n<\/ul>","protected":false},"excerpt":{"rendered":"<p>Siente la ligereza del amor con la pulsera \u00abLove\u00bb en verde menta. Esta versi\u00f3n minimalista de nuestro cl\u00e1sico destaca por su fino hilo de nailon, que realza con delicadeza el s\u00edmbolo del coraz\u00f3n en plata. Un accesorio discreto y moderno que irradia frescura y afecto.<\/p>","protected":false},"featured_media":517,"comment_status":"open","ping_status":"closed","template":"","meta":[],"product_brand":[],"product_cat":[29],"product_tag":[19,20,23,31,32,33],"class_list":{"0":"post-76","1":"product","2":"type-product","3":"status-publish","4":"has-post-thumbnail","6":"product_cat-minimalist-collection","7":"product_tag-armband","8":"product_tag-bracelet","9":"product_tag-edelstahl","10":"product_tag-geschenke","11":"product_tag-gift","12":"product_tag-minimalist","14":"first","15":"instock","16":"shipping-taxable","17":"purchasable","18":"product-type-simple"},"_links":{"self":[{"href":"https:\/\/pm-handmadebypao.com\/es\/wp-json\/wp\/v2\/product\/76","targetHints":{"allow":["GET"]}}],"collection":[{"href":"https:\/\/pm-handmadebypao.com\/es\/wp-json\/wp\/v2\/product"}],"about":[{"href":"https:\/\/pm-handmadebypao.com\/es\/wp-json\/wp\/v2\/types\/product"}],"replies":[{"embeddable":true,"href":"https:\/\/pm-handmadebypao.com\/es\/wp-json\/wp\/v2\/comments?post=76"}],"wp:featuredmedia":[{"embeddable":true,"href":"https:\/\/pm-handmadebypao.com\/es\/wp-json\/wp\/v2\/media\/517"}],"wp:attachment":[{"href":"https:\/\/pm-handmadebypao.com\/es\/wp-json\/wp\/v2\/media?parent=76"}],"wp:term":[{"taxonomy":"product_brand","embeddable":true,"href":"https:\/\/pm-handmadebypao.com\/es\/wp-json\/wp\/v2\/product_brand?post=76"},{"taxonomy":"product_cat","embeddable":true,"href":"https:\/\/pm-handmadebypao.com\/es\/wp-json\/wp\/v2\/product_cat?post=76"},{"taxonomy":"product_tag","embeddable":true,"href":"https:\/\/pm-handmadebypao.com\/es\/wp-json\/wp\/v2\/product_tag?post=76"}],"curies":[{"name":"wp","href":"https:\/\/api.w.org\/{rel}","templated":true}]}}