{"id":73,"date":"2026-02-25T13:07:49","date_gmt":"2026-02-25T13:07:49","guid":{"rendered":"https:\/\/pm-handmade-by-pao-wgiem1shxr.live-website.com\/?post_type=product&#038;p=73"},"modified":"2026-03-23T14:34:41","modified_gmt":"2026-03-23T13:34:41","slug":"sernity-cross-blue","status":"publish","type":"product","link":"https:\/\/pm-handmadebypao.com\/es\/product\/sernity-cross-blue\/","title":{"rendered":"Sernity Cross &#8211; Navy blue"},"content":{"rendered":"<p style=\"text-align: center;\" data-path-to-node=\"3\"><b data-path-to-node=\"3\" data-index-in-node=\"0\">Pulsera \u201eSerenity Cross\u201c \u2013 Minimalista y Elegante<\/b><\/p>\n<p data-path-to-node=\"4\">Siente la simbolog\u00eda atemporal de la cruz en una forma especialmente fina. La pulsera \u00abSerenity Cross\u00bb destaca por su dise\u00f1o minimalista en un delicado hilo de nailon negro. Un accesorio discreto que irradia paz y constancia; perfecto para el d\u00eda a d\u00eda o como un regalo lleno de cari\u00f1o.<\/p>\n<p data-path-to-node=\"5\">La pieza central es una delicada cruz de acero inoxidable plateado de alta calidad. Es hipoalerg\u00e9nica (amigable con la piel) y conserva su brillo de forma duradera sin oxidarse. Un s\u00edmbolo de paz y serenidad que te acompa\u00f1a en todo momento.<\/p>\n<p data-path-to-node=\"6\"><b data-path-to-node=\"6\" data-index-in-node=\"0\">Detalles del producto:<\/b><\/p>\n<ul data-path-to-node=\"7\">\n<li>\n<p data-path-to-node=\"7,0,0\"><b data-path-to-node=\"7,0,0\" data-index-in-node=\"0\">Dise\u00f1o:<\/b> \u00abSerenity Cross\u00bb \u2013 minimalista y con un significado profundo.<\/p>\n<\/li>\n<li>\n<p data-path-to-node=\"7,1,0\"><b data-path-to-node=\"7,1,0\" data-index-in-node=\"0\">Material del s\u00edmbolo:<\/b> Acero inoxidable de alta calidad (color plata, inoxidable e hipoalerg\u00e9nico).<\/p>\n<\/li>\n<li>\n<p data-path-to-node=\"7,2,0\"><b data-path-to-node=\"7,2,0\" data-index-in-node=\"0\">Material del hilo:<\/b> Nylon fino y resistente (duradero y resistente al agua).<\/p>\n<\/li>\n<li>\n<p data-path-to-node=\"7,3,0\"><b data-path-to-node=\"7,3,0\" data-index-in-node=\"0\">Cierre:<\/b> Nudo corredizo ajustable (se adapta perfectamente a cualquier tama\u00f1o de mu\u00f1eca).<\/p>\n<\/li>\n<li><b data-path-to-node=\"7,4,0\" data-index-in-node=\"0\">Empaque:<\/b> Tu pulsera se entrega con cari\u00f1o en una delicada bolsa de organza (7cm 9 cm). Adem\u00e1s, cada pedido incluye una tarjeta de agradecimiento con valiosos consejos para el cuidado de tu nueva joya favorita.<\/li>\n<\/ul>","protected":false},"excerpt":{"rendered":"<p>Siente la simbolog\u00eda atemporal de la cruz en una forma especialmente fina. La pulsera \u00abSerenity Cross\u00bb destaca por su dise\u00f1o minimalista en un delicado hilo de nailon negro. Un accesorio discreto que irradia paz y constancia; perfecto para el d\u00eda a d\u00eda o como un regalo lleno de cari\u00f1o.<\/p>","protected":false},"featured_media":521,"comment_status":"open","ping_status":"closed","template":"","meta":[],"product_brand":[],"product_cat":[29],"product_tag":[19,20,23,31,32,33],"class_list":{"0":"post-73","1":"product","2":"type-product","3":"status-publish","4":"has-post-thumbnail","6":"product_cat-minimalist-collection","7":"product_tag-armband","8":"product_tag-bracelet","9":"product_tag-edelstahl","10":"product_tag-geschenke","11":"product_tag-gift","12":"product_tag-minimalist","14":"first","15":"instock","16":"shipping-taxable","17":"purchasable","18":"product-type-simple"},"_links":{"self":[{"href":"https:\/\/pm-handmadebypao.com\/es\/wp-json\/wp\/v2\/product\/73","targetHints":{"allow":["GET"]}}],"collection":[{"href":"https:\/\/pm-handmadebypao.com\/es\/wp-json\/wp\/v2\/product"}],"about":[{"href":"https:\/\/pm-handmadebypao.com\/es\/wp-json\/wp\/v2\/types\/product"}],"replies":[{"embeddable":true,"href":"https:\/\/pm-handmadebypao.com\/es\/wp-json\/wp\/v2\/comments?post=73"}],"wp:featuredmedia":[{"embeddable":true,"href":"https:\/\/pm-handmadebypao.com\/es\/wp-json\/wp\/v2\/media\/521"}],"wp:attachment":[{"href":"https:\/\/pm-handmadebypao.com\/es\/wp-json\/wp\/v2\/media?parent=73"}],"wp:term":[{"taxonomy":"product_brand","embeddable":true,"href":"https:\/\/pm-handmadebypao.com\/es\/wp-json\/wp\/v2\/product_brand?post=73"},{"taxonomy":"product_cat","embeddable":true,"href":"https:\/\/pm-handmadebypao.com\/es\/wp-json\/wp\/v2\/product_cat?post=73"},{"taxonomy":"product_tag","embeddable":true,"href":"https:\/\/pm-handmadebypao.com\/es\/wp-json\/wp\/v2\/product_tag?post=73"}],"curies":[{"name":"wp","href":"https:\/\/api.w.org\/{rel}","templated":true}]}}