{"id":553,"date":"2026-03-25T22:15:27","date_gmt":"2026-03-25T21:15:27","guid":{"rendered":"https:\/\/pm-handmadebypao.com\/?post_type=product&#038;p=553"},"modified":"2026-03-27T12:38:41","modified_gmt":"2026-03-27T11:38:41","slug":"red-velvet","status":"publish","type":"product","link":"https:\/\/pm-handmadebypao.com\/es\/product\/red-velvet\/","title":{"rendered":"Red Velvet"},"content":{"rendered":"<p style=\"text-align: center;\" data-path-to-node=\"3\"><b data-path-to-node=\"3\" data-index-in-node=\"0\">Ohrringe &#8222;Red Velvet&#8220; \u2013 Glanz &amp; Gold<\/b><\/p>\n<p data-path-to-node=\"4\">Versch\u00f6nere dein Outfit mit den Ohrringen \u201eRed Velvet\u201c. Diese sch\u00f6nen Creolen sind handgefertigt. Sie kombinieren goldenen Edelstahl mit rotem Kristallglas. Die Perlen gl\u00e4nzen wundersch\u00f6n im Licht \u2013 ein eleganter und magischer Look.<\/p>\n<p data-path-to-node=\"5\">Der Edelstahl ist sehr hochwertig. Er ist gut f\u00fcr die Haut (hypoallergen) und wird nicht dunkel. Diese Ohrringe sind leicht, schick und perfekt f\u00fcr jeden Tag oder f\u00fcr ein Fest.<\/p>\n<p data-path-to-node=\"6\"><b data-path-to-node=\"6\" data-index-in-node=\"0\">Detalles del producto:<\/b><\/p>\n<ul data-path-to-node=\"7\">\n<li>\n<p data-path-to-node=\"7,0,0\"><b data-path-to-node=\"7,0,0\" data-index-in-node=\"0\">Dise\u00f1o:<\/b> Elegante Creolen mit Rote Glasperlen.<\/p>\n<\/li>\n<li>\n<p data-path-to-node=\"7,1,0\"><b data-path-to-node=\"7,1,0\" data-index-in-node=\"0\">Material:<\/b> Acero inoxidable dorado (inoxidable y respetuoso con la piel).<\/p>\n<\/li>\n<li>\n<p data-path-to-node=\"7,2,0\"><b data-path-to-node=\"7,2,0\" data-index-in-node=\"0\">Cuentas:<\/b> Rotes Kristallglas mit viel Glanz.<\/p>\n<\/li>\n<li>\n<p data-path-to-node=\"7,2,0\"><b data-path-to-node=\"3,2,0\" data-index-in-node=\"0\">Medidas: <\/b><\/p>\n<ul data-path-to-node=\"7\">\n<li>\n<p data-path-to-node=\"3,2,0\"><b data-path-to-node=\"3,2,0\" data-index-in-node=\"0\"><\/b><b data-path-to-node=\"3,2,0\" data-index-in-node=\"18\">Argolla:<\/b> 17 x 17 mm.<\/p>\n<\/li>\n<li>\n<p data-path-to-node=\"3,2,1,0,0\"><b data-path-to-node=\"3,2,1,0,0\" data-index-in-node=\"0\">Cierre:<\/b> 1 x 0,6 mm.<\/p>\n<\/li>\n<\/ul>\n<\/li>\n<li>\n<p data-path-to-node=\"7,3,0\"><b data-path-to-node=\"7,3,0\" data-index-in-node=\"0\">Estilo:<\/b> Handgemacht, modern und s\u00fc\u00df.<\/p>\n<\/li>\n<li>\n<p data-path-to-node=\"7,4,0\"><b data-path-to-node=\"7,4,0\" data-index-in-node=\"0\">Empaque:<\/b> Tus aretes se entregan con cari\u00f1o en una delicada bolsa de organza, incluyendo una tarjeta de agradecimiento con consejos de cuidado.<\/p>\n<\/li>\n<\/ul>","protected":false},"excerpt":{"rendered":"<p>Versch\u00f6nere dein Outfit mit den Ohrringen \u201eRed Velvet\u201c. Diese sch\u00f6nen Creolen sind handgefertigt. Sie kombinieren goldenen Edelstahl mit rotem Kristallglas. Die Perlen gl\u00e4nzen wundersch\u00f6n im Licht \u2013 ein eleganter und magischer Look.<\/p>","protected":false},"featured_media":613,"comment_status":"open","ping_status":"closed","template":"","meta":[],"product_brand":[],"product_cat":[24],"product_tag":[27,23,31,32,25],"class_list":{"0":"post-553","1":"product","2":"type-product","3":"status-publish","4":"has-post-thumbnail","6":"product_cat-ohrringen","7":"product_tag-earing","8":"product_tag-edelstahl","9":"product_tag-geschenke","10":"product_tag-gift","11":"product_tag-ohrringe","13":"first","14":"instock","15":"shipping-taxable","16":"purchasable","17":"product-type-simple"},"_links":{"self":[{"href":"https:\/\/pm-handmadebypao.com\/es\/wp-json\/wp\/v2\/product\/553","targetHints":{"allow":["GET"]}}],"collection":[{"href":"https:\/\/pm-handmadebypao.com\/es\/wp-json\/wp\/v2\/product"}],"about":[{"href":"https:\/\/pm-handmadebypao.com\/es\/wp-json\/wp\/v2\/types\/product"}],"replies":[{"embeddable":true,"href":"https:\/\/pm-handmadebypao.com\/es\/wp-json\/wp\/v2\/comments?post=553"}],"wp:featuredmedia":[{"embeddable":true,"href":"https:\/\/pm-handmadebypao.com\/es\/wp-json\/wp\/v2\/media\/613"}],"wp:attachment":[{"href":"https:\/\/pm-handmadebypao.com\/es\/wp-json\/wp\/v2\/media?parent=553"}],"wp:term":[{"taxonomy":"product_brand","embeddable":true,"href":"https:\/\/pm-handmadebypao.com\/es\/wp-json\/wp\/v2\/product_brand?post=553"},{"taxonomy":"product_cat","embeddable":true,"href":"https:\/\/pm-handmadebypao.com\/es\/wp-json\/wp\/v2\/product_cat?post=553"},{"taxonomy":"product_tag","embeddable":true,"href":"https:\/\/pm-handmadebypao.com\/es\/wp-json\/wp\/v2\/product_tag?post=553"}],"curies":[{"name":"wp","href":"https:\/\/api.w.org\/{rel}","templated":true}]}}