{"id":543,"date":"2026-03-25T21:50:18","date_gmt":"2026-03-25T20:50:18","guid":{"rendered":"https:\/\/pm-handmadebypao.com\/?post_type=product&#038;p=543"},"modified":"2026-04-08T22:41:16","modified_gmt":"2026-04-08T20:41:16","slug":"daisy-dream-hoops","status":"publish","type":"product","link":"https:\/\/pm-handmadebypao.com\/es\/product\/daisy-dream-hoops\/","title":{"rendered":"Daisy Dream Hoops"},"content":{"rendered":"<p style=\"text-align: center;\"><b data-path-to-node=\"10\" data-index-in-node=\"0\">Daisy Dream Hoops \u2013 Zwei Styles in einem Ohrring<\/b><\/p>\n<p>Unsere Daisy Dream Hoops sind die perfekte Kombination aus minimalistischer Eleganz und sommerlicher Frische. Der hochwertige, goldene Edelstahl-Creole trifft auf einen zarten, Pastell Nude Blumen-Charm. Das Besondere: Der Blumen-Charm ist abnehmbar! So hast du zwei verschiedene Looks: trage sie als schlichte, goldene Creolen oder f\u00fcge die Blume f\u00fcr einen verspielten Retro-Sommer-Style hinzu. Perfekt f\u00fcr deinen Alltag oder als besonderes Geschenk.<\/p>\n<p data-path-to-node=\"6\"><b data-path-to-node=\"6\" data-index-in-node=\"0\">Detalles del producto:<\/b><\/p>\n<ul data-path-to-node=\"7\">\n<li>\n<p data-path-to-node=\"7,0,0\"><b data-path-to-node=\"7,0,0\" data-index-in-node=\"0\">Dise\u00f1o:<\/b> Elegante Creolen mit einem abnehmbaren Pastell Nude.<\/p>\n<\/li>\n<li>\n<p data-path-to-node=\"7,1,0\"><b data-path-to-node=\"7,1,0\" data-index-in-node=\"0\">Material:<\/b> Hochwertiger Edelstahl, goldfarben beschichtet (rostfrei und hautfreundlich).<\/p>\n<\/li>\n<li>\n<p data-path-to-node=\"7,2,0\"><b data-path-to-node=\"7\" data-index-in-node=\"0\">Blume:<\/b> Pastell Nude Acryl-Anh\u00e4nger (removibel para 2-in-1 Style).<\/p>\n<\/li>\n<li>\n<p data-path-to-node=\"3,2,0\"><b data-path-to-node=\"3,2,0\" data-index-in-node=\"0\">Medidas: <\/b><\/p>\n<ul data-path-to-node=\"7\">\n<li>\n<p data-path-to-node=\"3,2,0\"><b data-path-to-node=\"3,2,0\" data-index-in-node=\"0\"><\/b><b data-path-to-node=\"3,2,0\" data-index-in-node=\"18\">Argolla:<\/b> Ca. 29,5 x 30 x 2 mm (perfekte mittelgro\u00dfe Gr\u00f6\u00dfe).<\/p>\n<\/li>\n<li><strong>Blume:\u00a0<\/strong>Ca. 4,3 mm.<\/li>\n<li>\n<p data-path-to-node=\"3,2,1,0,0\"><b data-path-to-node=\"3,2,1,0,0\" data-index-in-node=\"0\">Cierre:<\/b> 1 x 0,6 mm.<\/p>\n<\/li>\n<\/ul>\n<\/li>\n<li>\n<p data-path-to-node=\"7,3,0\"><b data-path-to-node=\"7,3,0\" data-index-in-node=\"0\">Estilo:<\/b> Handgemacht, minimalistisch, Boho-Chic y Modern.<\/p>\n<\/li>\n<li>\n<p data-path-to-node=\"7,4,0\"><b data-path-to-node=\"7,4,0\" data-index-in-node=\"0\">Empaque:<\/b> Tus aretes se entregan con cari\u00f1o en una delicada bolsa de organza, incluyendo una tarjeta de agradecimiento con consejos de cuidado.<\/p>\n<\/li>\n<\/ul>","protected":false},"excerpt":{"rendered":"<p>Unsere Daisy Dream Hoops sind die perfekte Kombination aus minimalistischer Eleganz und sommerlicher Frische.<\/p>","protected":false},"featured_media":548,"comment_status":"open","ping_status":"closed","template":"","meta":[],"product_brand":[],"product_cat":[24],"product_tag":[68,67,69,70],"class_list":{"0":"post-543","1":"product","2":"type-product","3":"status-publish","4":"has-post-thumbnail","6":"product_cat-ohrringen","7":"product_tag-blumenohrringe","8":"product_tag-creolen-gold","9":"product_tag-edelstahl-schmuck","10":"product_tag-handmade-wuerzburg","12":"first","13":"outofstock","14":"shipping-taxable","15":"purchasable","16":"product-type-simple"},"_links":{"self":[{"href":"https:\/\/pm-handmadebypao.com\/es\/wp-json\/wp\/v2\/product\/543","targetHints":{"allow":["GET"]}}],"collection":[{"href":"https:\/\/pm-handmadebypao.com\/es\/wp-json\/wp\/v2\/product"}],"about":[{"href":"https:\/\/pm-handmadebypao.com\/es\/wp-json\/wp\/v2\/types\/product"}],"replies":[{"embeddable":true,"href":"https:\/\/pm-handmadebypao.com\/es\/wp-json\/wp\/v2\/comments?post=543"}],"wp:featuredmedia":[{"embeddable":true,"href":"https:\/\/pm-handmadebypao.com\/es\/wp-json\/wp\/v2\/media\/548"}],"wp:attachment":[{"href":"https:\/\/pm-handmadebypao.com\/es\/wp-json\/wp\/v2\/media?parent=543"}],"wp:term":[{"taxonomy":"product_brand","embeddable":true,"href":"https:\/\/pm-handmadebypao.com\/es\/wp-json\/wp\/v2\/product_brand?post=543"},{"taxonomy":"product_cat","embeddable":true,"href":"https:\/\/pm-handmadebypao.com\/es\/wp-json\/wp\/v2\/product_cat?post=543"},{"taxonomy":"product_tag","embeddable":true,"href":"https:\/\/pm-handmadebypao.com\/es\/wp-json\/wp\/v2\/product_tag?post=543"}],"curies":[{"name":"wp","href":"https:\/\/api.w.org\/{rel}","templated":true}]}}