{"id":50,"date":"2026-02-25T10:26:03","date_gmt":"2026-02-25T10:26:03","guid":{"rendered":"https:\/\/pm-handmade-by-pao-wgiem1shxr.live-website.com\/?post_type=product&#038;p=50"},"modified":"2026-03-23T14:41:23","modified_gmt":"2026-03-23T13:41:23","slug":"starfish","status":"publish","type":"product","link":"https:\/\/pm-handmadebypao.com\/es\/product\/starfish\/","title":{"rendered":"Starfish &#8211; Lila"},"content":{"rendered":"<p style=\"text-align: center;\" data-path-to-node=\"3\"><b data-path-to-node=\"3\" data-index-in-node=\"0\">Pulsera \u00abStarfish\u00bb \u2013 Verano y Libertad<\/b><\/p>\n<p data-path-to-node=\"4\">Siente la brisa del sol y el mar directamente en tu mu\u00f1eca con la pulsera \u00abStarfish\u00bb. Esta pieza minimalista destaca por su fino hilo de nailon en color lila y un elegante colgante de estrella de mar. El accesorio perfecto para quienes aman el mar y quieren llevar un pedacito de vacaciones en su d\u00eda a d\u00eda.<\/p>\n<p data-path-to-node=\"5\">La pieza central es una filigrana de estrella de mar fabricada en acero inoxidable de alta calidad con un elegante acabado dorado. Es hipoalerg\u00e9nica (apta para pieles sensibles) y mantiene su brillo de forma duradera. Un s\u00edmbolo discreto pero poderoso de renovaci\u00f3n y serenidad.<\/p>\n<p data-path-to-node=\"6\"><b data-path-to-node=\"6\" data-index-in-node=\"0\">Detalles del producto:<\/b><\/p>\n<ul data-path-to-node=\"7\">\n<li>\n<p data-path-to-node=\"7,0,0\"><b data-path-to-node=\"7,0,0\" data-index-in-node=\"0\">Dise\u00f1o:<\/b> \u00abStarfish\u00bb: una delicada estrella de mar como s\u00edmbolo del oc\u00e9ano y la libertad.<\/p>\n<\/li>\n<li>\n<p data-path-to-node=\"7,1,0\"><b data-path-to-node=\"7,1,0\" data-index-in-node=\"0\">Material del s\u00edmbolo:<\/b> Acero inoxidable de alta calidad (color dorado, inoxidable e hipoalerg\u00e9nico).<\/p>\n<\/li>\n<li>\n<p data-path-to-node=\"7,2,0\"><b data-path-to-node=\"7,2,0\" data-index-in-node=\"0\">Material del hilo:<\/b> Nylon fino y resistente (duradero y resistente al agua).<\/p>\n<\/li>\n<li>\n<p data-path-to-node=\"7,3,0\"><b data-path-to-node=\"7,3,0\" data-index-in-node=\"0\">Cierre:<\/b> Nudo corredizo ajustable (se adapta perfectamente a cualquier tama\u00f1o de mu\u00f1eca).<\/p>\n<\/li>\n<li><b data-path-to-node=\"7,4,0\" data-index-in-node=\"0\">Empaque:<\/b> Tu pulsera se entrega con cari\u00f1o en una delicada bolsa de organza (7cm 9 cm). Adem\u00e1s, cada pedido incluye una tarjeta de agradecimiento con valiosos consejos para el cuidado de tu nueva joya favorita.<\/li>\n<\/ul>","protected":false},"excerpt":{"rendered":"<p>Siente la brisa del sol y el mar directamente en tu mu\u00f1eca con la pulsera \u00abStarfish\u00bb. Esta pieza minimalista destaca por su fino hilo de nailon en color lila y un elegante colgante de estrella de mar. El accesorio perfecto para quienes aman el mar y quieren llevar un pedacito de vacaciones en su d\u00eda a d\u00eda.<\/p>","protected":false},"featured_media":527,"comment_status":"open","ping_status":"closed","template":"","meta":[],"product_brand":[],"product_cat":[29],"product_tag":[19,20,23,31,32,18],"class_list":{"0":"post-50","1":"product","2":"type-product","3":"status-publish","4":"has-post-thumbnail","6":"product_cat-minimalist-collection","7":"product_tag-armband","8":"product_tag-bracelet","9":"product_tag-edelstahl","10":"product_tag-geschenke","11":"product_tag-gift","12":"product_tag-mandala","14":"first","15":"instock","16":"shipping-taxable","17":"purchasable","18":"product-type-simple"},"_links":{"self":[{"href":"https:\/\/pm-handmadebypao.com\/es\/wp-json\/wp\/v2\/product\/50","targetHints":{"allow":["GET"]}}],"collection":[{"href":"https:\/\/pm-handmadebypao.com\/es\/wp-json\/wp\/v2\/product"}],"about":[{"href":"https:\/\/pm-handmadebypao.com\/es\/wp-json\/wp\/v2\/types\/product"}],"replies":[{"embeddable":true,"href":"https:\/\/pm-handmadebypao.com\/es\/wp-json\/wp\/v2\/comments?post=50"}],"wp:featuredmedia":[{"embeddable":true,"href":"https:\/\/pm-handmadebypao.com\/es\/wp-json\/wp\/v2\/media\/527"}],"wp:attachment":[{"href":"https:\/\/pm-handmadebypao.com\/es\/wp-json\/wp\/v2\/media?parent=50"}],"wp:term":[{"taxonomy":"product_brand","embeddable":true,"href":"https:\/\/pm-handmadebypao.com\/es\/wp-json\/wp\/v2\/product_brand?post=50"},{"taxonomy":"product_cat","embeddable":true,"href":"https:\/\/pm-handmadebypao.com\/es\/wp-json\/wp\/v2\/product_cat?post=50"},{"taxonomy":"product_tag","embeddable":true,"href":"https:\/\/pm-handmadebypao.com\/es\/wp-json\/wp\/v2\/product_tag?post=50"}],"curies":[{"name":"wp","href":"https:\/\/api.w.org\/{rel}","templated":true}]}}