{"id":272,"date":"2026-03-09T11:28:13","date_gmt":"2026-03-09T10:28:13","guid":{"rendered":"https:\/\/pm-handmade-by-pao-wgiem1shxr.live-website.com\/shipping-methods\/"},"modified":"2026-03-15T22:02:52","modified_gmt":"2026-03-15T21:02:52","slug":"shipping-methods","status":"publish","type":"page","link":"https:\/\/pm-handmadebypao.com\/es\/shipping-methods\/","title":{"rendered":"Informaci\u00f3n de env\u00edo"},"content":{"rendered":"<p>Actualmente, realizamos env\u00edos de nuestras joyas hechas a mano exclusivamente dentro de Alemania.<\/p>\n\n\n\n<h2 class=\"wp-block-heading\"><strong>Costes de env\u00edo y entrega<\/strong><\/h2>\n\n\n\n<ul class=\"wp-block-list\">\n<li>Para cada pedido, aplicamos una tarifa plana de env\u00edo de\" <strong>2,90 \u20ac<\/strong>.<\/li>\n\n\n\n<li>El env\u00edo se realiza de forma segura y fiable como <strong>Carta de Deutsche Post (Servicio postal alem\u00e1n)<\/strong>.<\/li>\n\n\n\n<li><strong>Env\u00edo gratis:<\/strong> En pedidos superiores a <strong>35,00 \u20ac<\/strong> \u00a1Te regalamos el env\u00edo!\n<ul class=\"wp-block-list\">\n<li><em>Aviso:<\/em> En el caso de art\u00edculos rebajados, se tendr\u00e1 en cuenta el precio de oferta real pagado para alcanzar el umbral de env\u00edo gratuito.<\/li>\n<\/ul>\n<\/li>\n<\/ul>\n\n\n\n<h2 class=\"wp-block-heading\"><strong>\u00bfQu\u00e9 incluyen los gastos de env\u00edo?<\/strong><\/h2>\n\n\n\n<p>Para nosotros es muy importante que tu nueva joya favorita llegue a tus manos de forma segura y con todo nuestro cari\u00f1o. La tarifa plana incluye:<\/p>\n\n\n\n<ul start=\"1\" class=\"wp-block-list\">\n<li><strong>Embalaje seguro:<\/strong> En un sobre de burbujas protector.<\/li>\n\n\n\n<li><strong>Un empaquetado con cari\u00f1o:<\/strong> Cada joya se presenta en una delicada bolsa de organza.<\/li>\n\n\n\n<li><strong>Servicio extra:<\/strong> Cada pedido incluye una tarjeta de agradecimiento con valiosos consejos de cuidado para tus productos.<\/li>\n\n\n\n<li><strong>Env\u00edo:<\/strong> Los costes de env\u00edo hasta tu domicilio.<\/li>\n<\/ul>\n\n\n\n<h2 class=\"wp-block-heading\"><strong>Envoltorio para Regalo<\/strong><\/h2>\n\n\n\n<p>Ofrecemos un servicio de empaquetado para regalo por un coste adicional de <strong>1,50 \u20ac<\/strong> . Puede seleccionar esta opci\u00f3n al a\u00f1adir el producto al carrito.<\/p>\n\n\n\n<h2 class=\"wp-block-heading\"><strong>Devoluciones sencillas en un plazo de 14 d\u00edas<\/strong><\/h2>\n\n\n\n<p>Puedes devolver tu pedido en un plazo de <strong>14 dias<\/strong> despu\u00e9s de la fecha de env\u00edo, sin necesidad de justificaci\u00f3n y de forma gratuita.<\/p>\n\n\n\n<p><strong>Condiciones de devoluci\u00f3n:<\/strong><\/p>\n\n\n\n<ul class=\"wp-block-list\">\n<li><strong>Estado del producto:<\/strong> El art\u00edculo debe estar en su estado original, sin se\u00f1ales de uso.<\/li>\n\n\n\n<li><strong>Productos personalizados:<\/strong> Ten en cuenta que las joyas fabricadas a medida o personalizadas est\u00e1n excluidas de cambios y devoluciones<\/li>\n\n\n\n<li><strong>Estado completo del producto:<\/strong> En caso de que adicionaste <strong>un envoltorio para regalo.<\/strong> (como cajas de regalo o extras especiales), estos tambi\u00e9n deber\u00e1n ser devueltos como parte de la devoluci\u00f3n.<\/li>\n<\/ul>\n\n\n\n<p><em>Nota: Seg\u00fan el \u00a7 19 UStG (Ley del Impuesto sobre las Ventas alemana), no se factura el IVA.<\/em><\/p>","protected":false},"excerpt":{"rendered":"<p>Aktuell liefern wir unsere handgekn\u00fcpften Schmuckst\u00fccke ausschlie\u00dflich innerhalb Deutschlands. Versandkosten &amp; Lieferung Was ist in den Versandkosten enthalten? Uns ist es wichtig, dass dein neues Lieblingsst\u00fcck sicher und liebevoll bei dir ankommt. Die Pauschale beinhaltet: Geschenkverpackung Wir bieten einen Geschenkverpackungsservice f\u00fcr zus\u00e4tzliche 1,50 \u20ac pro Produkt an. Du kannst diese Option beim Hinzuf\u00fcgen des Produkts [&hellip;]<\/p>\n","protected":false},"author":1,"featured_media":0,"parent":0,"menu_order":0,"comment_status":"closed","ping_status":"closed","template":"","meta":{"footnotes":""},"class_list":["post-272","page","type-page","status-publish","hentry"],"_links":{"self":[{"href":"https:\/\/pm-handmadebypao.com\/es\/wp-json\/wp\/v2\/pages\/272","targetHints":{"allow":["GET"]}}],"collection":[{"href":"https:\/\/pm-handmadebypao.com\/es\/wp-json\/wp\/v2\/pages"}],"about":[{"href":"https:\/\/pm-handmadebypao.com\/es\/wp-json\/wp\/v2\/types\/page"}],"author":[{"embeddable":true,"href":"https:\/\/pm-handmadebypao.com\/es\/wp-json\/wp\/v2\/users\/1"}],"replies":[{"embeddable":true,"href":"https:\/\/pm-handmadebypao.com\/es\/wp-json\/wp\/v2\/comments?post=272"}],"version-history":[{"count":40,"href":"https:\/\/pm-handmadebypao.com\/es\/wp-json\/wp\/v2\/pages\/272\/revisions"}],"predecessor-version":[{"id":431,"href":"https:\/\/pm-handmadebypao.com\/es\/wp-json\/wp\/v2\/pages\/272\/revisions\/431"}],"wp:attachment":[{"href":"https:\/\/pm-handmadebypao.com\/es\/wp-json\/wp\/v2\/media?parent=272"}],"curies":[{"name":"wp","href":"https:\/\/api.w.org\/{rel}","templated":true}]}}